{"id":21,"date":"2020-01-17T10:35:42","date_gmt":"2020-01-17T09:35:42","guid":{"rendered":"http:\/\/localhost:8888\/?page_id=21"},"modified":"2022-01-19T15:10:23","modified_gmt":"2022-01-19T14:10:23","slug":"kontakt-anmeldung","status":"publish","type":"page","link":"https:\/\/sigrid-westenfelder.de\/sigrid-westenfelder\/kontakt-anmeldung\/","title":{"rendered":"Kontakt &#038; Anmeldung"},"content":{"rendered":"\n<p>Hier kannst du dich anmelden oder mir eine Anfrage schicken. <\/p>\n\n\n\n<p>Ein direkter  Mail-, Post- oder Telefonkontakt ist wie folgt m\u00f6glich: <\/p>\n\n\n\n<p><br><\/p>\n\n\n\n<p>Sigrid Westenfelder<\/p>\n\n\n\n<p>Ilsestra\u00dfe 24<\/p>\n\n\n\n<p>D-12051 Berlin<\/p>\n\n\n\n<p>Deutschland+49 (0) 178 348 33 82<\/p>\n\n\n\n<p><a href=\"mailto:sigiwest@freenet.de\">sigiwest@freenet.de<\/a> <\/p>\n","protected":false},"excerpt":{"rendered":"<p>Hier kannst du dich anmelden oder mir eine Anfrage schicken. Ein direkter Mail-, Post- oder Telefonkontakt ist wie folgt m\u00f6glich: Sigrid Westenfelder Ilsestra\u00dfe 24 D-12051 Berlin Deutschland+49 (0) 178 348 33 82 sigiwest@freenet.de<\/p>\n","protected":false},"author":1,"featured_media":0,"parent":0,"menu_order":70,"comment_status":"closed","ping_status":"closed","template":"kontakt.php","meta":[],"yoast_head":"<!-- This site is optimized with the Yoast SEO plugin v17.9 - https:\/\/yoast.com\/wordpress\/plugins\/seo\/ -->\n<meta name=\"description\" content=\"Sigrid Westenfelder: intelligentes Training f\u00fcr gesunde Bewegung + Coaching, um Beschwerden zu verstehen und nachhaltig positiv zu ver\u00e4ndern.\" \/>\n<meta name=\"robots\" content=\"index, follow, max-snippet:-1, max-image-preview:large, max-video-preview:-1\" \/>\n<link rel=\"canonical\" href=\"https:\/\/sigrid-westenfelder.de\/sigrid-westenfelder\/kontakt-anmeldung\/\" \/>\n<meta property=\"og:locale\" content=\"de_DE\" \/>\n<meta property=\"og:type\" content=\"article\" \/>\n<meta property=\"og:title\" content=\"Kontakt &amp; Anmeldung - Sigrid Westenfelder \u2013 Cantienca, Beckenbodentraining, Spiraldynamik, Lauftraining\" \/>\n<meta property=\"og:description\" content=\"Sigrid Westenfelder: intelligentes Training f\u00fcr gesunde Bewegung + Coaching, um Beschwerden zu verstehen und nachhaltig positiv zu ver\u00e4ndern.\" \/>\n<meta property=\"og:url\" content=\"https:\/\/sigrid-westenfelder.de\/sigrid-westenfelder\/kontakt-anmeldung\/\" \/>\n<meta property=\"og:site_name\" content=\"Sigrid Westenfelder \u2013 Cantienca, Beckenbodentraining, Spiraldynamik, Lauftraining\" \/>\n<meta property=\"article:modified_time\" content=\"2022-01-19T14:10:23+00:00\" \/>\n<meta name=\"twitter:card\" content=\"summary_large_image\" \/>\n<meta name=\"twitter:label1\" content=\"Gesch\u00e4tzte Lesezeit\" \/>\n\t<meta name=\"twitter:data1\" content=\"1\u00a0Minute\" \/>\n<script type=\"application\/ld+json\" class=\"yoast-schema-graph\">{\"@context\":\"https:\/\/schema.org\",\"@graph\":[{\"@type\":\"WebSite\",\"@id\":\"https:\/\/sigrid-westenfelder.de\/sigrid-westenfelder\/#website\",\"url\":\"https:\/\/sigrid-westenfelder.de\/sigrid-westenfelder\/\",\"name\":\"Sigrid Westenfelder \\u2013 Cantienca, Beckenbodentraining, Spiraldynamik, Lauftraining\",\"description\":\"Aufrichten \\u00b7 Ausbreiten \\u00b7 Aufatmen - Ich bin Sigrid Westenfelder. Trainerin f\\u00fcr gesunde Bewegung und Haltungsexpertin. Du suchst aus Gr\\u00fcnden der Gesundheit ein intelligentes Training f\\u00fcr Kraft, Elastizit\\u00e4t und Ausstrahlung ? Oder m\\u00f6chtest ein Coaching, um Beschwerden zu verstehen und nachhaltig positiv ver\\u00e4ndern zu k\\u00f6nnen?  Ich bin sehr gern f\\u00fcr dich da!  Die CANTIENICA \\u2013 Methode f\\u00fcr K\\u00f6rperform und Haltung ist ein absolut gro\\u00dfartiges K\\u00f6rpertraining f\\u00fcr den Beckenboden und die Entdeckung der Tiefenmuskulatur.  Spiraldynamik ist ein dreidimensionales Bewegungskonzept, das gesunde Bewegung erkl\\u00e4rbar, erfahrbar und lernbar macht.\",\"potentialAction\":[{\"@type\":\"SearchAction\",\"target\":{\"@type\":\"EntryPoint\",\"urlTemplate\":\"https:\/\/sigrid-westenfelder.de\/sigrid-westenfelder\/?s={search_term_string}\"},\"query-input\":\"required name=search_term_string\"}],\"inLanguage\":\"de\"},{\"@type\":\"WebPage\",\"@id\":\"https:\/\/sigrid-westenfelder.de\/sigrid-westenfelder\/kontakt-anmeldung\/#webpage\",\"url\":\"https:\/\/sigrid-westenfelder.de\/sigrid-westenfelder\/kontakt-anmeldung\/\",\"name\":\"Kontakt & Anmeldung - Sigrid Westenfelder \\u2013 Cantienca, Beckenbodentraining, Spiraldynamik, Lauftraining\",\"isPartOf\":{\"@id\":\"https:\/\/sigrid-westenfelder.de\/sigrid-westenfelder\/#website\"},\"datePublished\":\"2020-01-17T09:35:42+00:00\",\"dateModified\":\"2022-01-19T14:10:23+00:00\",\"description\":\"Sigrid Westenfelder: intelligentes Training f\\u00fcr gesunde Bewegung + Coaching, um Beschwerden zu verstehen und nachhaltig positiv zu ver\\u00e4ndern.\",\"breadcrumb\":{\"@id\":\"https:\/\/sigrid-westenfelder.de\/sigrid-westenfelder\/kontakt-anmeldung\/#breadcrumb\"},\"inLanguage\":\"de\",\"potentialAction\":[{\"@type\":\"ReadAction\",\"target\":[\"https:\/\/sigrid-westenfelder.de\/sigrid-westenfelder\/kontakt-anmeldung\/\"]}]},{\"@type\":\"BreadcrumbList\",\"@id\":\"https:\/\/sigrid-westenfelder.de\/sigrid-westenfelder\/kontakt-anmeldung\/#breadcrumb\",\"itemListElement\":[{\"@type\":\"ListItem\",\"position\":1,\"name\":\"Startseite\",\"item\":\"https:\/\/sigrid-westenfelder.de\/sigrid-westenfelder\/\"},{\"@type\":\"ListItem\",\"position\":2,\"name\":\"Kontakt &#038; Anmeldung\"}]}]}<\/script>\n<!-- \/ Yoast SEO plugin. -->","yoast_head_json":{"description":"Sigrid Westenfelder: intelligentes Training f\u00fcr gesunde Bewegung + Coaching, um Beschwerden zu verstehen und nachhaltig positiv zu ver\u00e4ndern.","robots":{"index":"index","follow":"follow","max-snippet":"max-snippet:-1","max-image-preview":"max-image-preview:large","max-video-preview":"max-video-preview:-1"},"canonical":"https:\/\/sigrid-westenfelder.de\/sigrid-westenfelder\/kontakt-anmeldung\/","og_locale":"de_DE","og_type":"article","og_title":"Kontakt & Anmeldung - Sigrid Westenfelder \u2013 Cantienca, Beckenbodentraining, Spiraldynamik, Lauftraining","og_description":"Sigrid Westenfelder: intelligentes Training f\u00fcr gesunde Bewegung + Coaching, um Beschwerden zu verstehen und nachhaltig positiv zu ver\u00e4ndern.","og_url":"https:\/\/sigrid-westenfelder.de\/sigrid-westenfelder\/kontakt-anmeldung\/","og_site_name":"Sigrid Westenfelder \u2013 Cantienca, Beckenbodentraining, Spiraldynamik, Lauftraining","article_modified_time":"2022-01-19T14:10:23+00:00","twitter_card":"summary_large_image","twitter_misc":{"Gesch\u00e4tzte Lesezeit":"1\u00a0Minute"},"schema":{"@context":"https:\/\/schema.org","@graph":[{"@type":"WebSite","@id":"https:\/\/sigrid-westenfelder.de\/sigrid-westenfelder\/#website","url":"https:\/\/sigrid-westenfelder.de\/sigrid-westenfelder\/","name":"Sigrid Westenfelder \u2013 Cantienca, Beckenbodentraining, Spiraldynamik, Lauftraining","description":"Aufrichten \u00b7 Ausbreiten \u00b7 Aufatmen - Ich bin Sigrid Westenfelder. Trainerin f\u00fcr gesunde Bewegung und Haltungsexpertin. Du suchst aus Gr\u00fcnden der Gesundheit ein intelligentes Training f\u00fcr Kraft, Elastizit\u00e4t und Ausstrahlung ? Oder m\u00f6chtest ein Coaching, um Beschwerden zu verstehen und nachhaltig positiv ver\u00e4ndern zu k\u00f6nnen?  Ich bin sehr gern f\u00fcr dich da!  Die CANTIENICA \u2013 Methode f\u00fcr K\u00f6rperform und Haltung ist ein absolut gro\u00dfartiges K\u00f6rpertraining f\u00fcr den Beckenboden und die Entdeckung der Tiefenmuskulatur.  Spiraldynamik ist ein dreidimensionales Bewegungskonzept, das gesunde Bewegung erkl\u00e4rbar, erfahrbar und lernbar macht.","potentialAction":[{"@type":"SearchAction","target":{"@type":"EntryPoint","urlTemplate":"https:\/\/sigrid-westenfelder.de\/sigrid-westenfelder\/?s={search_term_string}"},"query-input":"required name=search_term_string"}],"inLanguage":"de"},{"@type":"WebPage","@id":"https:\/\/sigrid-westenfelder.de\/sigrid-westenfelder\/kontakt-anmeldung\/#webpage","url":"https:\/\/sigrid-westenfelder.de\/sigrid-westenfelder\/kontakt-anmeldung\/","name":"Kontakt & Anmeldung - Sigrid Westenfelder \u2013 Cantienca, Beckenbodentraining, Spiraldynamik, Lauftraining","isPartOf":{"@id":"https:\/\/sigrid-westenfelder.de\/sigrid-westenfelder\/#website"},"datePublished":"2020-01-17T09:35:42+00:00","dateModified":"2022-01-19T14:10:23+00:00","description":"Sigrid Westenfelder: intelligentes Training f\u00fcr gesunde Bewegung + Coaching, um Beschwerden zu verstehen und nachhaltig positiv zu ver\u00e4ndern.","breadcrumb":{"@id":"https:\/\/sigrid-westenfelder.de\/sigrid-westenfelder\/kontakt-anmeldung\/#breadcrumb"},"inLanguage":"de","potentialAction":[{"@type":"ReadAction","target":["https:\/\/sigrid-westenfelder.de\/sigrid-westenfelder\/kontakt-anmeldung\/"]}]},{"@type":"BreadcrumbList","@id":"https:\/\/sigrid-westenfelder.de\/sigrid-westenfelder\/kontakt-anmeldung\/#breadcrumb","itemListElement":[{"@type":"ListItem","position":1,"name":"Startseite","item":"https:\/\/sigrid-westenfelder.de\/sigrid-westenfelder\/"},{"@type":"ListItem","position":2,"name":"Kontakt &#038; Anmeldung"}]}]}},"_links":{"self":[{"href":"https:\/\/sigrid-westenfelder.de\/sigrid-westenfelder\/wp-json\/wp\/v2\/pages\/21"}],"collection":[{"href":"https:\/\/sigrid-westenfelder.de\/sigrid-westenfelder\/wp-json\/wp\/v2\/pages"}],"about":[{"href":"https:\/\/sigrid-westenfelder.de\/sigrid-westenfelder\/wp-json\/wp\/v2\/types\/page"}],"author":[{"embeddable":true,"href":"https:\/\/sigrid-westenfelder.de\/sigrid-westenfelder\/wp-json\/wp\/v2\/users\/1"}],"replies":[{"embeddable":true,"href":"https:\/\/sigrid-westenfelder.de\/sigrid-westenfelder\/wp-json\/wp\/v2\/comments?post=21"}],"version-history":[{"count":7,"href":"https:\/\/sigrid-westenfelder.de\/sigrid-westenfelder\/wp-json\/wp\/v2\/pages\/21\/revisions"}],"predecessor-version":[{"id":651,"href":"https:\/\/sigrid-westenfelder.de\/sigrid-westenfelder\/wp-json\/wp\/v2\/pages\/21\/revisions\/651"}],"wp:attachment":[{"href":"https:\/\/sigrid-westenfelder.de\/sigrid-westenfelder\/wp-json\/wp\/v2\/media?parent=21"}],"curies":[{"name":"wp","href":"https:\/\/api.w.org\/{rel}","templated":true}]}}