{"id":17,"date":"2020-01-17T10:35:31","date_gmt":"2020-01-17T09:35:31","guid":{"rendered":"http:\/\/localhost:8888\/?page_id=17"},"modified":"2020-12-27T11:02:18","modified_gmt":"2020-12-27T10:02:18","slug":"ueber-mich","status":"publish","type":"page","link":"https:\/\/sigrid-westenfelder.de\/sigrid-westenfelder\/ueber-mich\/","title":{"rendered":"\u00dcber mich"},"content":{"rendered":"\n<p>Zwei Grundthemen ziehen sich durch meine Entwicklung: Gesundheit und Kreativit\u00e4t.  Theater, Bewegung und Stimme helfen mir\/ begleiten mich durch die Jugend. Ein halbes Medizinstudium und ein ganzes Tanzstudium sp\u00e4ter arbeite ich als Performerin und Regisseurin in unterschiedlichsten Projekten,  L\u00e4ndern und B\u00fchnen.<\/p>\n\n\n\n<p><br><\/p>\n\n\n\n<figure class=\"wp-block-image size-large\"><img loading=\"lazy\" width=\"600\" height=\"400\" src=\"https:\/\/sigrid-westenfelder.de\/wp-content\/uploads\/2020\/12\/portrait.jpg\" alt=\"\" class=\"wp-image-581\" srcset=\"https:\/\/sigrid-westenfelder.de\/wp-content\/uploads\/2020\/12\/portrait.jpg 600w, https:\/\/sigrid-westenfelder.de\/wp-content\/uploads\/2020\/12\/portrait-300x200.jpg 300w\" sizes=\"(max-width: 600px) 100vw, 600px\" \/><\/figure>\n\n\n\n<p>Dann mit zwei Kindern in Berlin gesettelt, m\u00f6chte ich die k\u00fcnstlerische  Erfahrungen in andere Kontexte stellen: Coaching und Kommunikation  kommen dazu. Cantienica als allround Training, das Wunder der  Tiefenmuskulatur. Spiel und Stimme NAT\u00dcRLICH, immer mehr. Von der Kunst  ist die Liebe zum \u00dcbergang\/Wandel geblieben, die Lust an der  Wahrnehmungsforschung und das Spiel als essentielle menschliche  T\u00e4tigkeit. <br><br>Eine Dokumentation meiner bisherigen k\u00fcnstlerischen T\u00e4tikeiten finden Sie unter <\/p>\n\n\n\n<p><a rel=\"noreferrer noopener\" href=\"http:\/\/sisiwest.punapau.dyndns.org\/publisher\" target=\"_blank\">www.tanz.sigrid-westenfelder.de.<\/a><br><br> Ihre Sigrid Westenfelder<\/p>\n\n\n\n<p><\/p>\n\n\n\n<p><\/p>\n","protected":false},"excerpt":{"rendered":"<p>Zwei Grundthemen ziehen sich durch meine Entwicklung: Gesundheit und Kreativit\u00e4t. Theater, Bewegung und Stimme helfen mir\/ begleiten mich durch die Jugend. Ein halbes Medizinstudium und ein ganzes Tanzstudium sp\u00e4ter arbeite ich als Performerin und Regisseurin in unterschiedlichsten Projekten, L\u00e4ndern und B\u00fchnen. Dann mit zwei Kindern in Berlin gesettelt, m\u00f6chte ich die k\u00fcnstlerische Erfahrungen in andere [&hellip;]<\/p>\n","protected":false},"author":1,"featured_media":0,"parent":0,"menu_order":60,"comment_status":"closed","ping_status":"closed","template":"seiteohnesidebar.php","meta":[],"yoast_head":"<!-- This site is optimized with the Yoast SEO plugin v17.9 - https:\/\/yoast.com\/wordpress\/plugins\/seo\/ -->\n<meta name=\"robots\" content=\"index, follow, max-snippet:-1, max-image-preview:large, max-video-preview:-1\" \/>\n<link rel=\"canonical\" href=\"https:\/\/sigrid-westenfelder.de\/sigrid-westenfelder\/ueber-mich\/\" \/>\n<meta property=\"og:locale\" content=\"de_DE\" \/>\n<meta property=\"og:type\" content=\"article\" \/>\n<meta property=\"og:title\" content=\"\u00dcber mich - Sigrid Westenfelder \u2013 Cantienca, Beckenbodentraining, Spiraldynamik, Lauftraining\" \/>\n<meta property=\"og:description\" content=\"Zwei Grundthemen ziehen sich durch meine Entwicklung: Gesundheit und Kreativit\u00e4t. Theater, Bewegung und Stimme helfen mir\/ begleiten mich durch die Jugend. Ein halbes Medizinstudium und ein ganzes Tanzstudium sp\u00e4ter arbeite ich als Performerin und Regisseurin in unterschiedlichsten Projekten, L\u00e4ndern und B\u00fchnen. Dann mit zwei Kindern in Berlin gesettelt, m\u00f6chte ich die k\u00fcnstlerische Erfahrungen in andere [&hellip;]\" \/>\n<meta property=\"og:url\" content=\"https:\/\/sigrid-westenfelder.de\/sigrid-westenfelder\/ueber-mich\/\" \/>\n<meta property=\"og:site_name\" content=\"Sigrid Westenfelder \u2013 Cantienca, Beckenbodentraining, Spiraldynamik, Lauftraining\" \/>\n<meta property=\"article:modified_time\" content=\"2020-12-27T10:02:18+00:00\" \/>\n<meta property=\"og:image\" content=\"https:\/\/sigrid-westenfelder.de\/wp-content\/uploads\/2020\/12\/portrait.jpg\" \/>\n<meta name=\"twitter:card\" content=\"summary_large_image\" \/>\n<meta name=\"twitter:label1\" content=\"Gesch\u00e4tzte Lesezeit\" \/>\n\t<meta name=\"twitter:data1\" content=\"1\u00a0Minute\" \/>\n<script type=\"application\/ld+json\" class=\"yoast-schema-graph\">{\"@context\":\"https:\/\/schema.org\",\"@graph\":[{\"@type\":\"WebSite\",\"@id\":\"https:\/\/sigrid-westenfelder.de\/sigrid-westenfelder\/#website\",\"url\":\"https:\/\/sigrid-westenfelder.de\/sigrid-westenfelder\/\",\"name\":\"Sigrid Westenfelder \\u2013 Cantienca, Beckenbodentraining, Spiraldynamik, Lauftraining\",\"description\":\"Aufrichten \\u00b7 Ausbreiten \\u00b7 Aufatmen - Ich bin Sigrid Westenfelder. Trainerin f\\u00fcr gesunde Bewegung und Haltungsexpertin. Du suchst aus Gr\\u00fcnden der Gesundheit ein intelligentes Training f\\u00fcr Kraft, Elastizit\\u00e4t und Ausstrahlung ? Oder m\\u00f6chtest ein Coaching, um Beschwerden zu verstehen und nachhaltig positiv ver\\u00e4ndern zu k\\u00f6nnen?  Ich bin sehr gern f\\u00fcr dich da!  Die CANTIENICA \\u2013 Methode f\\u00fcr K\\u00f6rperform und Haltung ist ein absolut gro\\u00dfartiges K\\u00f6rpertraining f\\u00fcr den Beckenboden und die Entdeckung der Tiefenmuskulatur.  Spiraldynamik ist ein dreidimensionales Bewegungskonzept, das gesunde Bewegung erkl\\u00e4rbar, erfahrbar und lernbar macht.\",\"potentialAction\":[{\"@type\":\"SearchAction\",\"target\":{\"@type\":\"EntryPoint\",\"urlTemplate\":\"https:\/\/sigrid-westenfelder.de\/sigrid-westenfelder\/?s={search_term_string}\"},\"query-input\":\"required name=search_term_string\"}],\"inLanguage\":\"de\"},{\"@type\":\"ImageObject\",\"@id\":\"https:\/\/sigrid-westenfelder.de\/sigrid-westenfelder\/ueber-mich\/#primaryimage\",\"inLanguage\":\"de\",\"url\":\"https:\/\/sigrid-westenfelder.de\/wp-content\/uploads\/2020\/12\/portrait.jpg\",\"contentUrl\":\"https:\/\/sigrid-westenfelder.de\/wp-content\/uploads\/2020\/12\/portrait.jpg\",\"width\":600,\"height\":400},{\"@type\":\"WebPage\",\"@id\":\"https:\/\/sigrid-westenfelder.de\/sigrid-westenfelder\/ueber-mich\/#webpage\",\"url\":\"https:\/\/sigrid-westenfelder.de\/sigrid-westenfelder\/ueber-mich\/\",\"name\":\"\\u00dcber mich - Sigrid Westenfelder \\u2013 Cantienca, Beckenbodentraining, Spiraldynamik, Lauftraining\",\"isPartOf\":{\"@id\":\"https:\/\/sigrid-westenfelder.de\/sigrid-westenfelder\/#website\"},\"primaryImageOfPage\":{\"@id\":\"https:\/\/sigrid-westenfelder.de\/sigrid-westenfelder\/ueber-mich\/#primaryimage\"},\"datePublished\":\"2020-01-17T09:35:31+00:00\",\"dateModified\":\"2020-12-27T10:02:18+00:00\",\"breadcrumb\":{\"@id\":\"https:\/\/sigrid-westenfelder.de\/sigrid-westenfelder\/ueber-mich\/#breadcrumb\"},\"inLanguage\":\"de\",\"potentialAction\":[{\"@type\":\"ReadAction\",\"target\":[\"https:\/\/sigrid-westenfelder.de\/sigrid-westenfelder\/ueber-mich\/\"]}]},{\"@type\":\"BreadcrumbList\",\"@id\":\"https:\/\/sigrid-westenfelder.de\/sigrid-westenfelder\/ueber-mich\/#breadcrumb\",\"itemListElement\":[{\"@type\":\"ListItem\",\"position\":1,\"name\":\"Startseite\",\"item\":\"https:\/\/sigrid-westenfelder.de\/sigrid-westenfelder\/\"},{\"@type\":\"ListItem\",\"position\":2,\"name\":\"\\u00dcber mich\"}]}]}<\/script>\n<!-- \/ Yoast SEO plugin. -->","yoast_head_json":{"robots":{"index":"index","follow":"follow","max-snippet":"max-snippet:-1","max-image-preview":"max-image-preview:large","max-video-preview":"max-video-preview:-1"},"canonical":"https:\/\/sigrid-westenfelder.de\/sigrid-westenfelder\/ueber-mich\/","og_locale":"de_DE","og_type":"article","og_title":"\u00dcber mich - Sigrid Westenfelder \u2013 Cantienca, Beckenbodentraining, Spiraldynamik, Lauftraining","og_description":"Zwei Grundthemen ziehen sich durch meine Entwicklung: Gesundheit und Kreativit\u00e4t. Theater, Bewegung und Stimme helfen mir\/ begleiten mich durch die Jugend. Ein halbes Medizinstudium und ein ganzes Tanzstudium sp\u00e4ter arbeite ich als Performerin und Regisseurin in unterschiedlichsten Projekten, L\u00e4ndern und B\u00fchnen. Dann mit zwei Kindern in Berlin gesettelt, m\u00f6chte ich die k\u00fcnstlerische Erfahrungen in andere [&hellip;]","og_url":"https:\/\/sigrid-westenfelder.de\/sigrid-westenfelder\/ueber-mich\/","og_site_name":"Sigrid Westenfelder \u2013 Cantienca, Beckenbodentraining, Spiraldynamik, Lauftraining","article_modified_time":"2020-12-27T10:02:18+00:00","og_image":[{"url":"https:\/\/sigrid-westenfelder.de\/wp-content\/uploads\/2020\/12\/portrait.jpg"}],"twitter_card":"summary_large_image","twitter_misc":{"Gesch\u00e4tzte Lesezeit":"1\u00a0Minute"},"schema":{"@context":"https:\/\/schema.org","@graph":[{"@type":"WebSite","@id":"https:\/\/sigrid-westenfelder.de\/sigrid-westenfelder\/#website","url":"https:\/\/sigrid-westenfelder.de\/sigrid-westenfelder\/","name":"Sigrid Westenfelder \u2013 Cantienca, Beckenbodentraining, Spiraldynamik, Lauftraining","description":"Aufrichten \u00b7 Ausbreiten \u00b7 Aufatmen - Ich bin Sigrid Westenfelder. Trainerin f\u00fcr gesunde Bewegung und Haltungsexpertin. Du suchst aus Gr\u00fcnden der Gesundheit ein intelligentes Training f\u00fcr Kraft, Elastizit\u00e4t und Ausstrahlung ? Oder m\u00f6chtest ein Coaching, um Beschwerden zu verstehen und nachhaltig positiv ver\u00e4ndern zu k\u00f6nnen?  Ich bin sehr gern f\u00fcr dich da!  Die CANTIENICA \u2013 Methode f\u00fcr K\u00f6rperform und Haltung ist ein absolut gro\u00dfartiges K\u00f6rpertraining f\u00fcr den Beckenboden und die Entdeckung der Tiefenmuskulatur.  Spiraldynamik ist ein dreidimensionales Bewegungskonzept, das gesunde Bewegung erkl\u00e4rbar, erfahrbar und lernbar macht.","potentialAction":[{"@type":"SearchAction","target":{"@type":"EntryPoint","urlTemplate":"https:\/\/sigrid-westenfelder.de\/sigrid-westenfelder\/?s={search_term_string}"},"query-input":"required name=search_term_string"}],"inLanguage":"de"},{"@type":"ImageObject","@id":"https:\/\/sigrid-westenfelder.de\/sigrid-westenfelder\/ueber-mich\/#primaryimage","inLanguage":"de","url":"https:\/\/sigrid-westenfelder.de\/wp-content\/uploads\/2020\/12\/portrait.jpg","contentUrl":"https:\/\/sigrid-westenfelder.de\/wp-content\/uploads\/2020\/12\/portrait.jpg","width":600,"height":400},{"@type":"WebPage","@id":"https:\/\/sigrid-westenfelder.de\/sigrid-westenfelder\/ueber-mich\/#webpage","url":"https:\/\/sigrid-westenfelder.de\/sigrid-westenfelder\/ueber-mich\/","name":"\u00dcber mich - Sigrid Westenfelder \u2013 Cantienca, Beckenbodentraining, Spiraldynamik, Lauftraining","isPartOf":{"@id":"https:\/\/sigrid-westenfelder.de\/sigrid-westenfelder\/#website"},"primaryImageOfPage":{"@id":"https:\/\/sigrid-westenfelder.de\/sigrid-westenfelder\/ueber-mich\/#primaryimage"},"datePublished":"2020-01-17T09:35:31+00:00","dateModified":"2020-12-27T10:02:18+00:00","breadcrumb":{"@id":"https:\/\/sigrid-westenfelder.de\/sigrid-westenfelder\/ueber-mich\/#breadcrumb"},"inLanguage":"de","potentialAction":[{"@type":"ReadAction","target":["https:\/\/sigrid-westenfelder.de\/sigrid-westenfelder\/ueber-mich\/"]}]},{"@type":"BreadcrumbList","@id":"https:\/\/sigrid-westenfelder.de\/sigrid-westenfelder\/ueber-mich\/#breadcrumb","itemListElement":[{"@type":"ListItem","position":1,"name":"Startseite","item":"https:\/\/sigrid-westenfelder.de\/sigrid-westenfelder\/"},{"@type":"ListItem","position":2,"name":"\u00dcber mich"}]}]}},"_links":{"self":[{"href":"https:\/\/sigrid-westenfelder.de\/sigrid-westenfelder\/wp-json\/wp\/v2\/pages\/17"}],"collection":[{"href":"https:\/\/sigrid-westenfelder.de\/sigrid-westenfelder\/wp-json\/wp\/v2\/pages"}],"about":[{"href":"https:\/\/sigrid-westenfelder.de\/sigrid-westenfelder\/wp-json\/wp\/v2\/types\/page"}],"author":[{"embeddable":true,"href":"https:\/\/sigrid-westenfelder.de\/sigrid-westenfelder\/wp-json\/wp\/v2\/users\/1"}],"replies":[{"embeddable":true,"href":"https:\/\/sigrid-westenfelder.de\/sigrid-westenfelder\/wp-json\/wp\/v2\/comments?post=17"}],"version-history":[{"count":25,"href":"https:\/\/sigrid-westenfelder.de\/sigrid-westenfelder\/wp-json\/wp\/v2\/pages\/17\/revisions"}],"predecessor-version":[{"id":588,"href":"https:\/\/sigrid-westenfelder.de\/sigrid-westenfelder\/wp-json\/wp\/v2\/pages\/17\/revisions\/588"}],"wp:attachment":[{"href":"https:\/\/sigrid-westenfelder.de\/sigrid-westenfelder\/wp-json\/wp\/v2\/media?parent=17"}],"curies":[{"name":"wp","href":"https:\/\/api.w.org\/{rel}","templated":true}]}}